{"id":458,"date":"2025-06-13T07:45:33","date_gmt":"2025-06-13T07:45:33","guid":{"rendered":"https:\/\/kalleitner-paula.web.kslinz.at\/wordpress\/?page_id=458"},"modified":"2025-06-13T07:45:54","modified_gmt":"2025-06-13T07:45:54","slug":"impressum","status":"publish","type":"page","link":"https:\/\/kalleitner-paula.web.kslinz.at\/wordpress\/index.php\/de\/impressum\/","title":{"rendered":"Impressum"},"content":{"rendered":"\n<p><strong>Verantwortlich f\u00fcr den Inhalt:<\/strong><\/p>\n\n\n\n<p>Paula Kalleitner<br>Stockhofstra\u00dfe 10<br>4020 Linz, \u00d6sterreich<br>E-Mail: kalleitner.paula@hlw.kslinz.at<\/p>\n\n\n\n<p><strong>Zweck der Website:<\/strong><br>Diese Website dient der Pr\u00e4sentation meiner schulischen Arbeiten und Projekte.<\/p>\n\n\n\n<p><strong>Urheberrechtshinweis:<\/strong><br>Alle Inhalte auf dieser Seite, einschlie\u00dflich Texte, Grafiken und Fotos, sind urheberrechtlich gesch\u00fctzt und Eigentum von Paula Kalleitner, sofern nicht anders angegeben. Eine Verwendung ohne ausdr\u00fcckliche Zustimmung ist untersagt.<\/p>\n\n\n\n<p><strong>Datenschutz<\/strong><br>Ihre personenbezogenen Daten werden vertraulich und entsprechend der gesetzlichen Da-tenschutzvorschriften sowie dieser Datenschutzerkl\u00e4rung behandelt.<\/p>\n\n\n\n<p><strong>Datenerfassung auf dieser Website<\/strong><br>Sie k\u00f6nnen diese Website besuchen, ohne Angaben zu Ihrer Person zu machen. Es werden keine pers\u00f6nlichen Daten gespeichert, es sei denn, diese werden freiwillig angegeben (z.B. im Kontaktformular).<\/p>\n\n\n\n<p><strong>Ihre Rechte<\/strong><br>Sie haben jederzeit das Recht unentgeltlich Auskunft \u00fcber Herkunft, Empf\u00e4nger und Zweck Ihrer gespeicherten personenbezogenen Daten zu erhalten. Sie haben au\u00dferdem ein Recht, die Berichtigung oder L\u00f6schung dieser Daten zu verlangen. Hierzu sowie zu weiteren Fragen zum Thema Datenschutz k\u00f6nnen Sie sich jederzeit unter der im Impressum angegebenen Adresse an mich wenden.<\/p>\n","protected":false},"excerpt":{"rendered":"<p>Verantwortlich f\u00fcr den Inhalt: Paula KalleitnerStockhofstra\u00dfe 104020 Linz, \u00d6sterreichE-Mail: kalleitner.paula@hlw.kslinz.at Zweck der Website:Diese Website dient der Pr\u00e4sentation meiner schulischen Arbeiten und Projekte. Urheberrechtshinweis:Alle Inhalte auf dieser Seite, einschlie\u00dflich Texte, Grafiken und Fotos, sind urheberrechtlich gesch\u00fctzt und Eigentum von Paula Kalleitner, sofern nicht anders angegeben. Eine Verwendung ohne ausdr\u00fcckliche Zustimmung ist untersagt. DatenschutzIhre personenbezogenen Daten werden [&hellip;]<\/p>\n","protected":false},"author":1,"featured_media":0,"parent":0,"menu_order":0,"comment_status":"closed","ping_status":"closed","template":"","meta":{"footnotes":""},"class_list":["post-458","page","type-page","status-publish","hentry"],"_links":{"self":[{"href":"https:\/\/kalleitner-paula.web.kslinz.at\/wordpress\/index.php\/wp-json\/wp\/v2\/pages\/458","targetHints":{"allow":["GET"]}}],"collection":[{"href":"https:\/\/kalleitner-paula.web.kslinz.at\/wordpress\/index.php\/wp-json\/wp\/v2\/pages"}],"about":[{"href":"https:\/\/kalleitner-paula.web.kslinz.at\/wordpress\/index.php\/wp-json\/wp\/v2\/types\/page"}],"author":[{"embeddable":true,"href":"https:\/\/kalleitner-paula.web.kslinz.at\/wordpress\/index.php\/wp-json\/wp\/v2\/users\/1"}],"replies":[{"embeddable":true,"href":"https:\/\/kalleitner-paula.web.kslinz.at\/wordpress\/index.php\/wp-json\/wp\/v2\/comments?post=458"}],"version-history":[{"count":1,"href":"https:\/\/kalleitner-paula.web.kslinz.at\/wordpress\/index.php\/wp-json\/wp\/v2\/pages\/458\/revisions"}],"predecessor-version":[{"id":459,"href":"https:\/\/kalleitner-paula.web.kslinz.at\/wordpress\/index.php\/wp-json\/wp\/v2\/pages\/458\/revisions\/459"}],"wp:attachment":[{"href":"https:\/\/kalleitner-paula.web.kslinz.at\/wordpress\/index.php\/wp-json\/wp\/v2\/media?parent=458"}],"curies":[{"name":"wp","href":"https:\/\/api.w.org\/{rel}","templated":true}]}}